{"id":14,"date":"2016-09-25T06:18:30","date_gmt":"2016-09-25T06:18:30","guid":{"rendered":"http:\/\/sv-buero-richter.com\/?page_id=14"},"modified":"2016-09-26T03:27:50","modified_gmt":"2016-09-26T03:27:50","slug":"haftungsausschuss","status":"publish","type":"page","link":"http:\/\/sv-buero-richter.com\/?page_id=14","title":{"rendered":"Haftungsausschuss"},"content":{"rendered":"<h2 class=\"p1\"><strong>Spam<\/strong><\/h2>\n<p class=\"p1\">Es kann leider dazu kommen, dass unsere E-Mail-Adressen von Spam-Versendern missbraucht werden. Wir weisen an dieser Stelle ausdr\u00fccklich darauf hin, dass wir mit diesen nichts zu tun haben. J\u00f6rg Richter versendet kein Spam! Dass unsere Adressen missbraucht werden, bedauern wir au\u00dferordentlich. Laut Aussage unseres Webhoster Domainbox, l\u00e4sst sich dieser Umstand jedoch technisch leider nicht beheben.<\/p>\n<h2 class=\"p1\"><strong>Links<\/strong><\/h2>\n<p class=\"p1\">Mit Urteil vom 12. Mai 1998 hat das Landgericht Hamburg entschieden, da\u00df man durch das Setzen eines Links die Inhalte der gelinkten Seite ggf. mit zu verantworten hat. Dies kann, so das Landgericht, nur dadurch verhindert werden, dass man sich ausdr\u00fccklich von diesen Inhalten distanziert. Daher distanziert sich J\u00f6rg Richter ausdr\u00fccklich von allen gelinkten ggf. rechts- oder sittenwidrigen Seiten und deren Inhalten. Dies gilt f\u00fcr alle Links auf unseren Seiten.<\/p>\n<h2 class=\"p1\"><strong>Inhalt<\/strong><\/h2>\n<p class=\"p1\">Die \u00dcbernahme von Texten und Fotos\/Grafiken von <a href=\"http:\/\/www.sv-buero-richter.com\">www.sv-buero-richter.com<\/a> ist ausschlie\u00dflich f\u00fcr den privaten Gebrauch eines Nutzers bestimmt. Die \u00dcbernahme von Fotos ist nicht m\u00f6glich. Die \u00dcbernahme und Nutzung der Daten zu anderen Zwecken bedarf der schriftlichen Zustimmung von J\u00f6rg Richter.<\/p>\n<h2 class=\"p1\"><strong>Copyright<\/strong><\/h2>\n<p class=\"p1\">F\u00fcr alle Informationen auf dieser Website gilt (Soweit keine weitere Angabe auf der entsprechenden Seite erfolgt): \u00a9 Copyright 2016 \u00b7 Richter Kfz-Sachverst\u00e4ndigenb\u00fcro<\/p>\n","protected":false},"excerpt":{"rendered":"<p>Spam Es kann leider dazu kommen, dass unsere E-Mail-Adressen von Spam-Versendern missbraucht werden. Wir weisen an dieser Stelle ausdr\u00fccklich darauf hin, dass wir mit diesen nichts zu tun haben. J\u00f6rg &#8230;<\/p>\n","protected":false},"author":1,"featured_media":0,"parent":0,"menu_order":0,"comment_status":"closed","ping_status":"closed","template":"template-left-sidebar.php","meta":{"footnotes":""},"class_list":["post-14","page","type-page","status-publish","hentry"],"_links":{"self":[{"href":"http:\/\/sv-buero-richter.com\/index.php?rest_route=\/wp\/v2\/pages\/14","targetHints":{"allow":["GET"]}}],"collection":[{"href":"http:\/\/sv-buero-richter.com\/index.php?rest_route=\/wp\/v2\/pages"}],"about":[{"href":"http:\/\/sv-buero-richter.com\/index.php?rest_route=\/wp\/v2\/types\/page"}],"author":[{"embeddable":true,"href":"http:\/\/sv-buero-richter.com\/index.php?rest_route=\/wp\/v2\/users\/1"}],"replies":[{"embeddable":true,"href":"http:\/\/sv-buero-richter.com\/index.php?rest_route=%2Fwp%2Fv2%2Fcomments&post=14"}],"version-history":[{"count":3,"href":"http:\/\/sv-buero-richter.com\/index.php?rest_route=\/wp\/v2\/pages\/14\/revisions"}],"predecessor-version":[{"id":115,"href":"http:\/\/sv-buero-richter.com\/index.php?rest_route=\/wp\/v2\/pages\/14\/revisions\/115"}],"wp:attachment":[{"href":"http:\/\/sv-buero-richter.com\/index.php?rest_route=%2Fwp%2Fv2%2Fmedia&parent=14"}],"curies":[{"name":"wp","href":"https:\/\/api.w.org\/{rel}","templated":true}]}}