{"id":27,"date":"2016-09-25T06:43:54","date_gmt":"2016-09-25T06:43:54","guid":{"rendered":"http:\/\/sv-buero-richter.com\/?page_id=27"},"modified":"2016-09-25T20:15:04","modified_gmt":"2016-09-25T20:15:04","slug":"leistungen","status":"publish","type":"page","link":"http:\/\/sv-buero-richter.com\/?page_id=27","title":{"rendered":"Leistungen"},"content":{"rendered":"<p>Unser Sachverst\u00e4ndigenb\u00fcro bietet folgende Leistungen an:<\/p>\n<ul>\n<li><a href=\"http:\/\/sv-buero-richter.com\/?page_id=18\">Gutachten bei Kfz-Haftpflichtsch\u00e4den<\/a><\/li>\n<li><a href=\"http:\/\/sv-buero-richter.com\/?page_id=39\">Fahrzeugbewertung<\/a><\/li>\n<li><a href=\"http:\/\/sv-buero-richter.com\/?page_id=41\">R\u00fccknahmegutachten<\/a><\/li>\n<li><a href=\"http:\/\/sv-buero-richter.com\/?page_id=43\">Technische Gutachten \/ Sondergutachten<\/a><\/li>\n<li><a href=\"http:\/\/sv-buero-richter.com\/?page_id=45\">Technische Aktenbearbeitung f\u00fcr Versicherer und Schadenregulierer<\/a><\/li>\n<li><a href=\"http:\/\/sv-buero-richter.com\/?page_id=47\">Plausibilit\u00e4tspr\u00fcfungen<\/a><\/li>\n<li><a href=\"http:\/\/sv-buero-richter.com\/?page_id=50\">Gerichtsgutachten<\/a><\/li>\n<li><a href=\"http:\/\/sv-buero-richter.com\/?page_id=52\">Motorradvermessung<\/a><\/li>\n<\/ul>\n","protected":false},"excerpt":{"rendered":"<p>Unser Sachverst\u00e4ndigenb\u00fcro bietet folgende Leistungen an: Gutachten bei Kfz-Haftpflichtsch\u00e4den Fahrzeugbewertung R\u00fccknahmegutachten Technische Gutachten \/ Sondergutachten Technische Aktenbearbeitung f\u00fcr Versicherer und Schadenregulierer Plausibilit\u00e4tspr\u00fcfungen Gerichtsgutachten Motorradvermessung<\/p>\n","protected":false},"author":1,"featured_media":0,"parent":0,"menu_order":0,"comment_status":"closed","ping_status":"closed","template":"","meta":{"footnotes":""},"class_list":["post-27","page","type-page","status-publish","hentry"],"_links":{"self":[{"href":"http:\/\/sv-buero-richter.com\/index.php?rest_route=\/wp\/v2\/pages\/27","targetHints":{"allow":["GET"]}}],"collection":[{"href":"http:\/\/sv-buero-richter.com\/index.php?rest_route=\/wp\/v2\/pages"}],"about":[{"href":"http:\/\/sv-buero-richter.com\/index.php?rest_route=\/wp\/v2\/types\/page"}],"author":[{"embeddable":true,"href":"http:\/\/sv-buero-richter.com\/index.php?rest_route=\/wp\/v2\/users\/1"}],"replies":[{"embeddable":true,"href":"http:\/\/sv-buero-richter.com\/index.php?rest_route=%2Fwp%2Fv2%2Fcomments&post=27"}],"version-history":[{"count":4,"href":"http:\/\/sv-buero-richter.com\/index.php?rest_route=\/wp\/v2\/pages\/27\/revisions"}],"predecessor-version":[{"id":109,"href":"http:\/\/sv-buero-richter.com\/index.php?rest_route=\/wp\/v2\/pages\/27\/revisions\/109"}],"wp:attachment":[{"href":"http:\/\/sv-buero-richter.com\/index.php?rest_route=%2Fwp%2Fv2%2Fmedia&parent=27"}],"curies":[{"name":"wp","href":"https:\/\/api.w.org\/{rel}","templated":true}]}}