{"id":43,"date":"2016-09-25T06:59:48","date_gmt":"2016-09-25T06:59:48","guid":{"rendered":"http:\/\/sv-buero-richter.com\/?page_id=43"},"modified":"2016-09-26T03:40:30","modified_gmt":"2016-09-26T03:40:30","slug":"technische-gutachten-sondergutachten","status":"publish","type":"page","link":"http:\/\/sv-buero-richter.com\/?page_id=43","title":{"rendered":"Technische Gutachten \/ Sondergutachten"},"content":{"rendered":"<p class=\"p1\">Wir erstellen auch Gutachten in technischen Bereichen, z. B. Motor-, Getriebe- Achs-Sch\u00e4den, Gegen\u00fcberstellungen, Plausibilit\u00e4tspr\u00fcfungen, Reparaturmagel-Gutachten, Leasingr\u00fccknahme-Gutachten.<\/p>\n","protected":false},"excerpt":{"rendered":"<p>Wir erstellen auch Gutachten in technischen Bereichen, z. B. Motor-, Getriebe- Achs-Sch\u00e4den, Gegen\u00fcberstellungen, Plausibilit\u00e4tspr\u00fcfungen, Reparaturmagel-Gutachten, Leasingr\u00fccknahme-Gutachten.<\/p>\n","protected":false},"author":1,"featured_media":0,"parent":27,"menu_order":4,"comment_status":"closed","ping_status":"closed","template":"template-left-sidebar.php","meta":{"footnotes":""},"class_list":["post-43","page","type-page","status-publish","hentry"],"_links":{"self":[{"href":"http:\/\/sv-buero-richter.com\/index.php?rest_route=\/wp\/v2\/pages\/43","targetHints":{"allow":["GET"]}}],"collection":[{"href":"http:\/\/sv-buero-richter.com\/index.php?rest_route=\/wp\/v2\/pages"}],"about":[{"href":"http:\/\/sv-buero-richter.com\/index.php?rest_route=\/wp\/v2\/types\/page"}],"author":[{"embeddable":true,"href":"http:\/\/sv-buero-richter.com\/index.php?rest_route=\/wp\/v2\/users\/1"}],"replies":[{"embeddable":true,"href":"http:\/\/sv-buero-richter.com\/index.php?rest_route=%2Fwp%2Fv2%2Fcomments&post=43"}],"version-history":[{"count":1,"href":"http:\/\/sv-buero-richter.com\/index.php?rest_route=\/wp\/v2\/pages\/43\/revisions"}],"predecessor-version":[{"id":44,"href":"http:\/\/sv-buero-richter.com\/index.php?rest_route=\/wp\/v2\/pages\/43\/revisions\/44"}],"up":[{"embeddable":true,"href":"http:\/\/sv-buero-richter.com\/index.php?rest_route=\/wp\/v2\/pages\/27"}],"wp:attachment":[{"href":"http:\/\/sv-buero-richter.com\/index.php?rest_route=%2Fwp%2Fv2%2Fmedia&parent=43"}],"curies":[{"name":"wp","href":"https:\/\/api.w.org\/{rel}","templated":true}]}}