{"id":47,"date":"2016-09-25T07:01:55","date_gmt":"2016-09-25T07:01:55","guid":{"rendered":"http:\/\/sv-buero-richter.com\/?page_id=47"},"modified":"2016-09-25T07:01:55","modified_gmt":"2016-09-25T07:01:55","slug":"plausibilitaetspruefungen","status":"publish","type":"page","link":"http:\/\/sv-buero-richter.com\/?page_id=47","title":{"rendered":"Plausibilit\u00e4tspr\u00fcfungen"},"content":{"rendered":"<p class=\"p1\">Bei Gutachten zur Plausibilit\u00e4ts\u00fcberpr\u00fcfung von Schaden- oder Unfallereignissen wird untersucht, ob die Besch\u00e4digungen der Kollisionspartner einander zugeordnet werden k\u00f6nnen und ob die aufgenommenen Sch\u00e4den dem vorgegebenen Schaden- und Unfallablauf zuzuordnen sind.<\/p>\n<p class=\"p1\">Die Zahl der manipulierten Schadenf\u00e4lle nimmt st\u00e4ndig zu. Hierdurch entstehen den Versicherungsunternehmen erhebliche Kosten, die jeder Versicherungsnehmer \u00fcber seine Beitragss\u00e4tze mittragen muss.<\/p>\n<p class=\"p1\">Hierbei sind unsere Gutachten eine wichtige Entscheidungshilfe f\u00fcr Gerichte sowie die Parteien, die Angelegenheit aus technischer Sicht zu beurteilen.<\/p>\n<p class=\"p1\">Zur Plausibilit\u00e4tspr\u00fcfung geh\u00f6ren die Analyse der Sch\u00e4den, sowie die Kontrolle, bzw. der Nachweis ob die Besch\u00e4digungen dem angegebenen Schadenhergang zuzuordnen sind.<\/p>\n<p class=\"p1\">Die Aussagequalit\u00e4t des Gutachtens h\u00e4ngt sehr von der Qualit\u00e4t der zur Verf\u00fcgung stehenden Ankn\u00fcpfungstatsachen wie Lichtbildern, Schadengutachten und Aussagen zum Unfallhergang ab.<\/p>\n<p class=\"p1\">Die Beauftragung von Gutachten zur Plausibilit\u00e4ts\u00fcberpr\u00fcfung erfolgt zumeist torprozessual, d.h. im Rahmen der Entscheidungsfindung der Versicherung, welche f\u00fcr einen Schaden, aufzukommen hat, oder aber f\u00fcr das Zivilgericht, welches entscheidet, ob die Forderungen der klagenden Partei zu Recht bestehen.<\/p>\n","protected":false},"excerpt":{"rendered":"<p>Bei Gutachten zur Plausibilit\u00e4ts\u00fcberpr\u00fcfung von Schaden- oder Unfallereignissen wird untersucht, ob die Besch\u00e4digungen der Kollisionspartner einander zugeordnet werden k\u00f6nnen und ob die aufgenommenen Sch\u00e4den dem vorgegebenen Schaden- und Unfallablauf zuzuordnen &#8230;<\/p>\n","protected":false},"author":1,"featured_media":0,"parent":27,"menu_order":6,"comment_status":"closed","ping_status":"closed","template":"template-left-sidebar.php","meta":{"footnotes":""},"class_list":["post-47","page","type-page","status-publish","hentry"],"_links":{"self":[{"href":"http:\/\/sv-buero-richter.com\/index.php?rest_route=\/wp\/v2\/pages\/47","targetHints":{"allow":["GET"]}}],"collection":[{"href":"http:\/\/sv-buero-richter.com\/index.php?rest_route=\/wp\/v2\/pages"}],"about":[{"href":"http:\/\/sv-buero-richter.com\/index.php?rest_route=\/wp\/v2\/types\/page"}],"author":[{"embeddable":true,"href":"http:\/\/sv-buero-richter.com\/index.php?rest_route=\/wp\/v2\/users\/1"}],"replies":[{"embeddable":true,"href":"http:\/\/sv-buero-richter.com\/index.php?rest_route=%2Fwp%2Fv2%2Fcomments&post=47"}],"version-history":[{"count":1,"href":"http:\/\/sv-buero-richter.com\/index.php?rest_route=\/wp\/v2\/pages\/47\/revisions"}],"predecessor-version":[{"id":48,"href":"http:\/\/sv-buero-richter.com\/index.php?rest_route=\/wp\/v2\/pages\/47\/revisions\/48"}],"up":[{"embeddable":true,"href":"http:\/\/sv-buero-richter.com\/index.php?rest_route=\/wp\/v2\/pages\/27"}],"wp:attachment":[{"href":"http:\/\/sv-buero-richter.com\/index.php?rest_route=%2Fwp%2Fv2%2Fmedia&parent=47"}],"curies":[{"name":"wp","href":"https:\/\/api.w.org\/{rel}","templated":true}]}}