{"id":110,"date":"2016-09-26T03:23:08","date_gmt":"2016-09-26T03:23:08","guid":{"rendered":"http:\/\/sv-buero-richter.com\/?page_id=110"},"modified":"2016-09-26T03:25:52","modified_gmt":"2016-09-26T03:25:52","slug":"allgemeine-geschaeftsbedingungen","status":"publish","type":"page","link":"https:\/\/sv-buero-richter.com\/?page_id=110","title":{"rendered":"Allgemeine Gesch\u00e4ftsbedingungen"},"content":{"rendered":"<h2 class=\"p1\">1. Geltung der Bedingungen<\/h2>\n<p class=\"p1\">Die Erstellung des Gutachtens vom Auftragnehmer (AN) f\u00fcr den Auftraggeber (AG) erfolgt ausschlie\u00dflich aufgrund dieser Gesch\u00e4ftsbedingungen.<\/p>\n<h2 class=\"p1\">2. Auftragserteilung<\/h2>\n<p class=\"p1\">Der Auftrag zur Gutachtenerstellung ist in der Regel schriftlich zu erteilen, aber auch m\u00fcndlich, telefonisch oder \u00fcber andere Telekommunikationstechnik aufgegebene und so entgegengenommene Auftr\u00e4ge gelten als verbindlich.<\/p>\n<p class=\"p1\">Der AG hat dem AN alle zur ordnungsgem\u00e4\u00dfen Erstellung des Gutachtens erforderlichen Unterlagen und Ausk\u00fcnfte unentgeltlich und ohne besondere Aufforderung zur Verf\u00fcgung zu stellen. Der AG hat insbesondere das Schadenausma\u00df und den Schadenumfang m\u00f6glichst umfassend und wahrheitsgem\u00e4\u00df zu erl\u00e4utern, um eine ordnungsgem\u00e4\u00dfe Schadenaufnahme zu erm\u00f6glichen. Alt- und Vorschl\u00e4gen sind vom AG zu benennen bzw. aufzuzeigen. Nachteile aus unrichtigen Angaben oder durch Verschweigen von Tatsachen durch den AG oder wegen versp\u00e4tet oder nicht eingegangener Dokumente gehen nicht zu Lasten des AN.<\/p>\n<h2 class=\"p1\">3. Vollmacht<\/h2>\n<p class=\"p1\">Der AG legitimiert den AN zur Vornahme aller ihm erforderlich und zweckdienlich erscheinenden Feststellungen, Untersuchungen und Leistungen bei und gegen\u00fcber Beh\u00f6rden, Unternehmen und Dritten.<\/p>\n<h2 class=\"p1\">4. Zahlungsbedingungen<\/h2>\n<p class=\"p1\">Soweit keine andere schriftliche Vereinbarung getroffen ist, ist das Sachverst\u00e4ndigenhonorar bei Abholung des Gutachtens im B\u00fcro des Sachverst\u00e4ndigen unmittelbar f\u00e4llig. Ein Versand der Gutachten erfolgt nur gegen Nachnahme. Bei allen Zahlungen ist die Gutachten-\/Rechnungsnummer anzugeben.<\/p>\n<p class=\"p1\">Nach erfolgloser Mahnung kann ohne weitere Ank\u00fcndigung das gerichtliche Mahnverfahren eingeleitet bzw. Klage erhoben werden.<\/p>\n<h2 class=\"p1\">5. Sachverst\u00e4ndigenhonorar<\/h2>\n<p class=\"p1\">Das Sachverst\u00e4ndigenhonorar berechnet sich bei Schadengutachten auf Grundlage der Schadenh\u00f6he und setzt sich aus einem Grundhonorar und Nebenkosten zusammen. Die Honorartabelle des AN kann in den Gesch\u00e4ftsr\u00e4umen des AN eingesehen werden. Als Schadenh\u00f6he sind im Reparaturfall die ausgewiesenen Reparaturkosten netto zzgl. einer Wertminderung ma\u00dfgebend. Bei einem Totalschaden ist der Wiederbeschaffungswert des Fahrzeugs unmittelbar vor dem Schadenereignis die Berechnungsgrundlage.<\/p>\n<p class=\"p1\">Bei zu vereinbarender Abrechnung auf Stundenbasis wird ein Verrechnungssatz von 115,00 \u20ac pro Stunde plus Nebenkosten in Rechnung gestellt.<\/p>\n<p class=\"p1\">S\u00e4mtliche aufgef\u00fchrten \u20ac-Betr\u00e4ge verstehen sich immer zzgl. der jeweils g\u00fcltigen gesetzlichen Mehrwertsteuer.<\/p>\n<h2 class=\"p1\">6. Rechnungspr\u00fcfungsberichte\/ Nachbesichtigung<\/h2>\n<p class=\"p1\">Rechnungspr\u00fcfungsberichte und Nachbesichtigungen gelten grunds\u00e4tzlich als neue Auftr\u00e4ge und werden mit 25 % des sich aus der Honorartabelle ergebenden Grundhonorars zzgl. Nebenkosten abgerechnet.<\/p>\n<h2 class=\"p1\">7. Stornierung<\/h2>\n<p class=\"p1\">Auftragsstornierungen sind schriftlich, per Telefax oder E-Mail mitzuteilen. Stornierungskosten werden pauschal mit \u20ac 25,00 zzgl. Mehrwertsteuer berechnet, sofern der AG den Nachweis nicht f\u00fchrt, dass ein Schaden \u00fcberhaupt nicht entstanden oder wesentlich niedriger ist als die Pauschale.<\/p>\n<h2 class=\"p1\">8. Gutachtenerstellung<\/h2>\n<p class=\"p1\">Der AG erh\u00e4lt, sofern nicht anders vereinbart, das Gutachten in zweifacher Ausfertigung, bestehend aus einem Original mit Original-Lichtbildsatz und einem Duplikat mit einem Lichtbildsatz. Ein weiteres Duplikat und der Lichtbild-Negativsatz bzw. die Bilddateien verbleiben beim AN.<\/p>\n<p class=\"p1\">Form, Gliederung, Formulierung und Inhalt der Gutachten f\u00fcr Haftpflicht- und Kaskoschaden entsprechen den Leits\u00e4tzen f\u00fcr Gutachten und anderen Sachverst\u00e4ndigenleistungen des IfS (Institut f\u00fcr Sachverst\u00e4ndigenwesen, <a href=\"http:\/\/www.ifs-forum.de\">www.ifs-forum.de<\/a>). Der AG hat die M\u00f6glichkeit, sich bei Streitf\u00e4llen auch an die Gesch\u00e4ftsstelle des IfS zu wenden.<\/p>\n<h2 class=\"p1\">9. Gutachtenversand<\/h2>\n<p class=\"p1\">Der Versand des Gutachtens an den AG oder auf Wunsch des AG an Dritte erfolgt auf Risiko des AG.<\/p>\n<h2 class=\"p1\">10. Haftung<\/h2>\n<p class=\"p1\">Der AN ist verpflichtet, den erteilten Auftrag nach bestem Wissen und Gewissen auszuf\u00fchren. Bez\u00fcglich der Haftung des AN gelten die gesetzlichen Regelungen.<\/p>\n<h2 class=\"p1\">11. Anwendbares Recht<\/h2>\n<p class=\"p1\">F\u00fcr diese Gesch\u00e4ftsbedingungen und die gesamten Rechtsbeziehungen zwischen AG und AN gilt das Recht der Bundesrepublik Deutschland.<\/p>\n<h2 class=\"p1\">12. Informationen gem\u00e4\u00df der Verordnung \u00fcber Informationspflichten f\u00fcr Dienstleistungserbringer<\/h2>\n<p class=\"p1\">Die notwendigen Informationen entsprechend der Verordnung \u00fcber Informationspflichten f\u00fcr Dienstleistungserbringer (Dienstleistungs-Informationspflichten-Verordnung \u2013 DL-InfoV \u2013 vom 12.03.2010) sind in den B\u00fcror\u00e4umen des Sachverst\u00e4ndigenb\u00fcros jederzeit einsehbar. Auf Wunsch \u00fcbersendet das Sachverst\u00e4ndigenb\u00fcro die Informationen dem Auftraggeber.<\/p>\n<p class=\"p1\">Dar\u00fcber hinaus sind die Informationen auch auf der Homepage des Sachverst\u00e4ndigenb\u00fcros abrufbar.<\/p>\n<h2 class=\"p1\">13. Gerichtsstand\/Schlussbestimmung<\/h2>\n<p class=\"p1\">Gerichtsstand f\u00fcr Kaufleute ist Marburg.<\/p>\n<p class=\"p1\">Sollte eine Bestimmung in diesen Gesch\u00e4ftsbedingungen oder eine Bestimmung im Rahmen sonstiger Vereinbarungen unwirksam sein oder werden, so wird hiervon die Wirksamkeit aller sonstigen Bestimmungen oder Vereinbarungen nicht ber\u00fchrt.<\/p>\n","protected":false},"excerpt":{"rendered":"<p>1. Geltung der Bedingungen Die Erstellung des Gutachtens vom Auftragnehmer (AN) f\u00fcr den Auftraggeber (AG) erfolgt ausschlie\u00dflich aufgrund dieser Gesch\u00e4ftsbedingungen. 2. Auftragserteilung Der Auftrag zur Gutachtenerstellung ist in der Regel &#8230;<\/p>\n","protected":false},"author":1,"featured_media":0,"parent":30,"menu_order":3,"comment_status":"closed","ping_status":"closed","template":"template-left-sidebar.php","meta":{"footnotes":""},"class_list":["post-110","page","type-page","status-publish","hentry"],"_links":{"self":[{"href":"https:\/\/sv-buero-richter.com\/index.php?rest_route=\/wp\/v2\/pages\/110","targetHints":{"allow":["GET"]}}],"collection":[{"href":"https:\/\/sv-buero-richter.com\/index.php?rest_route=\/wp\/v2\/pages"}],"about":[{"href":"https:\/\/sv-buero-richter.com\/index.php?rest_route=\/wp\/v2\/types\/page"}],"author":[{"embeddable":true,"href":"https:\/\/sv-buero-richter.com\/index.php?rest_route=\/wp\/v2\/users\/1"}],"replies":[{"embeddable":true,"href":"https:\/\/sv-buero-richter.com\/index.php?rest_route=%2Fwp%2Fv2%2Fcomments&post=110"}],"version-history":[{"count":3,"href":"https:\/\/sv-buero-richter.com\/index.php?rest_route=\/wp\/v2\/pages\/110\/revisions"}],"predecessor-version":[{"id":113,"href":"https:\/\/sv-buero-richter.com\/index.php?rest_route=\/wp\/v2\/pages\/110\/revisions\/113"}],"up":[{"embeddable":true,"href":"https:\/\/sv-buero-richter.com\/index.php?rest_route=\/wp\/v2\/pages\/30"}],"wp:attachment":[{"href":"https:\/\/sv-buero-richter.com\/index.php?rest_route=%2Fwp%2Fv2%2Fmedia&parent=110"}],"curies":[{"name":"wp","href":"https:\/\/api.w.org\/{rel}","templated":true}]}}