{"id":18,"date":"2016-09-25T06:27:37","date_gmt":"2016-09-25T06:27:37","guid":{"rendered":"http:\/\/sv-buero-richter.com\/?page_id=18"},"modified":"2016-09-26T03:37:02","modified_gmt":"2016-09-26T03:37:02","slug":"gutachten-bei-kfz-haftpflichtschaeden","status":"publish","type":"page","link":"https:\/\/sv-buero-richter.com\/?page_id=18","title":{"rendered":"Gutachten bei Kfz-Haftpflichtsch\u00e4den"},"content":{"rendered":"<p class=\"p1\">Bei einem unverschuldeten Unfall <strong>(Haftpflichtschaden)<\/strong> ist das unabh\u00e4ngige Gutachten eines seri\u00f6sen Kfz-Sachverst\u00e4ndigen die beste Grundlage f\u00fcr eine schnelle, unkomplizierte und vollst\u00e4ndige Schadensregulierung.<\/p>\n<p class=\"p1\">Der Gesch\u00e4digte hat das Recht einen Sachverst\u00e4ndigen seiner Wahl mit der Feststellung des Schadenumfanges zu beauftragen. Die Kosten muss die regulierungspflichtige Versicherung \u00fcbernehmen. Ohne die Beweissicherung besteht die Gefahr, dass der Schaden nicht umfassend und unabh\u00e4ngig festgestellt wird, dies kann insbesondere bei anstehenden Rechtsstreitigkeiten zu Problemen f\u00fchren. Bei sogenannten &#8222;Bagatellsch\u00e4den&#8220; ist die Erstellung eines Gutachtens nicht erforderlich, gemeint sind hier Sch\u00e4den in der Gr\u00f6\u00dfenordnung bis ca. 750,- EUR ohne Wertminderungsanspr\u00fcche. Sollten Sie unsicher sein, ob sich ein Schaden in diesem Bereich befindet, kommen Sie dennoch zu uns. Wir beraten Sie kostenlos, ob ein Gutachten erstellt werden kann.<\/p>\n<p class=\"p1\">Auch bei selbstverschuldeten Unf\u00e4llen <strong>(Kaskosch\u00e4den)<\/strong> und<span class=\"Apple-converted-space\">\u00a0 <\/span>bei Teilkaskosch\u00e4den (Wild, Einbruch, Brand, Sturm, Hagel), ist das Gutachten eines seri\u00f6sen Sachverst\u00e4ndigen Basis der Regulierung. Bei Kaskosch\u00e4den ist der Gesch\u00e4digte an die Weisung des Versicherungsunternehmens gebunden. Versicherungen beauftragen uns regelm\u00e4\u00dfig.<\/p>\n","protected":false},"excerpt":{"rendered":"<p>Bei einem unverschuldeten Unfall (Haftpflichtschaden) ist das unabh\u00e4ngige Gutachten eines seri\u00f6sen Kfz-Sachverst\u00e4ndigen die beste Grundlage f\u00fcr eine schnelle, unkomplizierte und vollst\u00e4ndige Schadensregulierung. Der Gesch\u00e4digte hat das Recht einen Sachverst\u00e4ndigen seiner &#8230;<\/p>\n","protected":false},"author":1,"featured_media":0,"parent":27,"menu_order":1,"comment_status":"closed","ping_status":"closed","template":"template-left-sidebar.php","meta":{"footnotes":""},"class_list":["post-18","page","type-page","status-publish","hentry"],"_links":{"self":[{"href":"https:\/\/sv-buero-richter.com\/index.php?rest_route=\/wp\/v2\/pages\/18","targetHints":{"allow":["GET"]}}],"collection":[{"href":"https:\/\/sv-buero-richter.com\/index.php?rest_route=\/wp\/v2\/pages"}],"about":[{"href":"https:\/\/sv-buero-richter.com\/index.php?rest_route=\/wp\/v2\/types\/page"}],"author":[{"embeddable":true,"href":"https:\/\/sv-buero-richter.com\/index.php?rest_route=\/wp\/v2\/users\/1"}],"replies":[{"embeddable":true,"href":"https:\/\/sv-buero-richter.com\/index.php?rest_route=%2Fwp%2Fv2%2Fcomments&post=18"}],"version-history":[{"count":2,"href":"https:\/\/sv-buero-richter.com\/index.php?rest_route=\/wp\/v2\/pages\/18\/revisions"}],"predecessor-version":[{"id":118,"href":"https:\/\/sv-buero-richter.com\/index.php?rest_route=\/wp\/v2\/pages\/18\/revisions\/118"}],"up":[{"embeddable":true,"href":"https:\/\/sv-buero-richter.com\/index.php?rest_route=\/wp\/v2\/pages\/27"}],"wp:attachment":[{"href":"https:\/\/sv-buero-richter.com\/index.php?rest_route=%2Fwp%2Fv2%2Fmedia&parent=18"}],"curies":[{"name":"wp","href":"https:\/\/api.w.org\/{rel}","templated":true}]}}